{"id":25830,"date":"2018-01-08T20:51:18","date_gmt":"2018-01-08T20:51:18","guid":{"rendered":"http:\/\/brennanhealingscience.org\/sharon-hartnett-2\/"},"modified":"2018-09-15T07:22:15","modified_gmt":"2018-09-15T06:22:15","slug":"sharon-hartnett-2","status":"publish","type":"page","link":"https:\/\/brennanhealingscience.org\/es\/nuestros-grads-brillar\/sharon-hartnett-2\/","title":{"rendered":"Sharon Hartnett"},"content":{"rendered":"<div class=\"row \"><div class=\"wpv-grid grid-1-3  wpv-first-level first unextended\" style=\"padding-top:0px;padding-bottom:0px\" id=\"wpv-column-97cf1d8653c2188fb0c30066030a1369\" ><div class=\"row \"><div class=\"wpv-grid grid-1-1  first unextended\" style=\"padding-top:0px;padding-bottom:0px\" id=\"wpv-column-73ffcedb19d1ca1886595947ae6fb6de\" ><p><img loading=\"lazy\" class=\"aligncenter size-full wp-image-24807\" src=\"https:\/\/new-brennanhealingscience.org\/wp-content\/uploads\/2018\/01\/Sharon-Hartnett-300.jpg\" alt=\"\" width=\"300\" height=\"420\" srcset=\"https:\/\/brennanhealingscience.org\/wp-content\/uploads\/2018\/01\/Sharon-Hartnett-300.jpg 300w, https:\/\/brennanhealingscience.org\/wp-content\/uploads\/2018\/01\/Sharon-Hartnett-300-214x300.jpg 214w, https:\/\/brennanhealingscience.org\/wp-content\/uploads\/2018\/01\/Sharon-Hartnett-300-262x367.jpg 262w\" sizes=\"(max-width: 300px) 100vw, 300px\" \/><\/div><\/div><\/div>\n<div class=\"wpv-grid grid-1-3  wpv-first-level unextended\" style=\"padding-top:0px;padding-bottom:0px\" id=\"wpv-column-9138e49fe1aa4dc9ba66f87904da2edd\" ><div class=\"row \"><div class=\"wpv-grid grid-1-1  first unextended\" style=\"padding-top:0px;padding-bottom:0px\" id=\"wpv-column-cda57793a030642fd8a415c2d6d9c7e2\" ><p><span class=\"notranslate\">Sharon Hartnett LMT, BHSP, CST-D<\/span><br \/>\n<span class=\"notranslate\"> Tel\u00e9fono: 740 966-5153<\/span><br \/>\n<span class=\"notranslate\"> Graduado de la Universidad Estatal de Ohio<\/span><br \/>\n<span class=\"notranslate\"> Graduado BBSH 2003 ASED 2005 BIP 2007<\/span><br \/>\n<span class=\"notranslate\"> Se especializa en SomatoEmotional Work with Anatomy Humana, Trauma Issues y Spiritual Awakening.<\/span><br \/>\n<span class=\"notranslate\"> Trabajo centrado en el coraz\u00f3n con InterSpecies Di\u00e1logo: Delfines, perros y caballos<\/span><br \/>\n<span class=\"notranslate\"> Curaci\u00f3n a larga distancia<\/span><\/p>\n<p><span class=\"notranslate\"> Informaci\u00f3n de contacto: www.massageincolumbusohio.com sharhartnett@aol.com<\/span><\/div><\/div><\/div>\n<div class=\"wpv-grid grid-1-3  wpv-first-level unextended\" style=\"padding-top:30px;padding-bottom:0px\" id=\"wpv-column-1f99d2973b50b1cab34d5d3e3984b38f\" ><div class=\"push\" style='height:100px'><\/div><\/div><\/div>\n<div class=\"row \"><div class=\"wpv-grid grid-1-1  wpv-first-level first unextended\" style=\"padding-top:0px;padding-bottom:0px\" id=\"wpv-column-3cfdb6a81ad3671e58bf406274b5da8b\" ><\/div><\/div>\n","protected":false},"excerpt":{"rendered":"<p>[\/column_1] Sharon Hartnett LMT, BHSP, CST-D Tel\u00e9fono: 740 966-5153 Graduado de la Universidad Estatal de Ohio Graduado BBSH 2003 ASED 2005 BIP 2007 Se especializa en SomatoEmotional Work with Anatomy Humana, Trauma Issues y Spiritual Awakening. Trabajo centrado en el coraz\u00f3n con InterSpecies Di\u00e1logo: Delfines, perros y caballos Curaci\u00f3n a larga distancia Informaci\u00f3n de contacto:&#8230;<\/p>\n","protected":false},"author":108,"featured_media":0,"parent":25842,"menu_order":0,"comment_status":"closed","ping_status":"closed","template":"","meta":[],"_links":{"self":[{"href":"https:\/\/brennanhealingscience.org\/es\/wp-json\/wp\/v2\/pages\/25830\/"}],"collection":[{"href":"https:\/\/brennanhealingscience.org\/es\/wp-json\/wp\/v2\/pages\/"}],"about":[{"href":"https:\/\/brennanhealingscience.org\/es\/wp-json\/wp\/v2\/types\/page\/"}],"author":[{"embeddable":true,"href":"https:\/\/brennanhealingscience.org\/es\/wp-json\/wp\/v2\/users\/108\/"}],"replies":[{"embeddable":true,"href":"https:\/\/brennanhealingscience.org\/es\/wp-json\/wp\/v2\/comments\/?post=25830"}],"version-history":[{"count":1,"href":"https:\/\/brennanhealingscience.org\/es\/wp-json\/wp\/v2\/pages\/25830\/revisions\/"}],"predecessor-version":[{"id":25923,"href":"https:\/\/brennanhealingscience.org\/es\/wp-json\/wp\/v2\/pages\/25830\/revisions\/25923\/"}],"up":[{"embeddable":true,"href":"https:\/\/brennanhealingscience.org\/es\/wp-json\/wp\/v2\/pages\/25842\/"}],"wp:attachment":[{"href":"https:\/\/brennanhealingscience.org\/es\/wp-json\/wp\/v2\/media\/?parent=25830"}],"curies":[{"name":"wp","href":"https:\/\/api.w.org\/{rel}","templated":true}]}}