{"id":25832,"date":"2018-01-08T20:25:15","date_gmt":"2018-01-08T20:25:15","guid":{"rendered":"http:\/\/brennanhealingscience.org\/laurie-thorp\/"},"modified":"2018-09-15T07:15:41","modified_gmt":"2018-09-15T06:15:41","slug":"laurie-thorp","status":"publish","type":"page","link":"https:\/\/brennanhealingscience.org\/es\/nuestros-grads-brillar\/laurie-thorp\/","title":{"rendered":"Laurie Thorp"},"content":{"rendered":"<div class=\"row \"><div class=\"wpv-grid grid-1-3  wpv-first-level first unextended\" style=\"padding-top:0px;padding-bottom:0px\" id=\"wpv-column-52905f17f0bbf4f61436f2ffa108fc0b\" ><div class=\"row \"><div class=\"wpv-grid grid-1-1  first unextended\" style=\"padding-top:0px;padding-bottom:0px\" id=\"wpv-column-66e7977f12f036e8e08b5afe1b2e8c99\" ><p><img loading=\"lazy\" class=\"aligncenter size-full wp-image-25270\" src=\"http:\/\/brennanhealingscience.org\/wp-content\/uploads\/2018\/06\/Laurie-Thorp-300.png\" alt=\"\" width=\"300\" height=\"420\" srcset=\"https:\/\/brennanhealingscience.org\/wp-content\/uploads\/2018\/06\/Laurie-Thorp-300.png 300w, https:\/\/brennanhealingscience.org\/wp-content\/uploads\/2018\/06\/Laurie-Thorp-300-214x300.png 214w, https:\/\/brennanhealingscience.org\/wp-content\/uploads\/2018\/06\/Laurie-Thorp-300-262x367.png 262w\" sizes=\"(max-width: 300px) 100vw, 300px\" \/><\/div><\/div><\/div>\n<div class=\"wpv-grid grid-1-3  wpv-first-level unextended\" style=\"padding-top:0px;padding-bottom:0px\" id=\"wpv-column-b36d731a080b0cc95953ecfb77a936dc\" ><div class=\"row \"><div class=\"wpv-grid grid-1-1  first unextended\" style=\"padding-top:0px;padding-bottom:0px\" id=\"wpv-column-82c38e9e4342b9886815936166205033\" ><p><img loading=\"lazy\" class=\"aligncenter size-full wp-image-24784\" src=\"http:\/\/brennanhealingscience.org\/wp-content\/uploads\/2018\/01\/Krysantha-Healing-signature.png\" alt=\"\" width=\"212\" height=\"68\" \/><\/div><\/div><\/div>\n<div class=\"wpv-grid grid-1-3  wpv-first-level unextended\" style=\"padding-top:30px;padding-bottom:0px\" id=\"wpv-column-5c6248ff5f9d65a12373dbf58759699c\" ><div class=\"row \"><div class=\"wpv-grid grid-1-1  first unextended\" style=\"padding-top:0px;padding-bottom:0px\" id=\"wpv-column-d3a8488b5aab7e7596e52dea45076fa2\" ><p><iframe src=\"https:\/\/www.youtube.com\/embed\/8kZ5lyJviG0\" width=\"560\" height=\"315\" frameborder=\"0\" allowfullscreen=\"allowfullscreen\"><\/iframe><\/div><\/div><\/div><\/div>\n<div class=\"row \"><div class=\"wpv-grid grid-1-1  wpv-first-level first unextended\" style=\"padding-top:0px;padding-bottom:0px\" id=\"wpv-column-0059699c281b53a6e49380471f5dd631\" ><div class=\"row \"><div class=\"wpv-grid grid-1-1  first unextended\" style=\"padding-top:0px;padding-bottom:0px\" id=\"wpv-column-817796dbf4369610814eb843b249694a\" ><p><span class=\"notranslate\">Laurie es una sanadora, maestra y artista dedicada a la evoluci\u00f3n del esp\u00edritu humano.<\/span> <span class=\"notranslate\"> Ella ha estado explorando e integrando la curaci\u00f3n de la energ\u00eda, la autoconciencia y el despertar encarnado durante m\u00e1s de treinta a\u00f1os.<\/span><\/p>\n<p><span class=\"notranslate\"> Su permanencia de m\u00e1s de 20 a\u00f1os en la pr\u00e1ctica privada y como profesora s\u00e9nior en la Escuela de Curaci\u00f3n Barbara Brennan ha ampliado su visi\u00f3n creativa y ha profundizado su deseo de continuar compartiendo tanto su amplitud de conocimiento como su alegr\u00eda de vivir con los dem\u00e1s.<\/span><\/p>\n<p><span class=\"notranslate\"> A lo largo de los a\u00f1os, ha desarrollado un enfoque integrado, uniendo su experiencia en Brennan Healing Science, Shamanic Healing, Quantum Field y Bio-photonic Light Healing, y su propia Krysantha Healing.<\/span><\/p>\n<p><span class=\"notranslate\"> Es el llamado de su alma para sumergirse en los reinos invisibles de curaci\u00f3n, evoluci\u00f3n personal y transformaci\u00f3n.<\/span><\/p>\n<p><span class=\"notranslate\"> Ella est\u00e1 comprometida a vivir su vida desde un lugar de integridad, autenticidad y vitalidad, y a ofrecer la misma posibilidad a los dem\u00e1s.<\/span><\/p>\n<p><span class=\"notranslate\"> Laurie tiene una pr\u00e1ctica privada en Chapel Hill, Carolina del Norte y trabaja a larga distancia a trav\u00e9s de Skype.<\/span><\/div><\/div><\/div><\/div>\n","protected":false},"excerpt":{"rendered":"<p>[\/column_1] [\/column_1] [\/column_1] Laurie es una sanadora, maestra y artista dedicada a la evoluci\u00f3n del esp\u00edritu humano. Ella ha estado explorando e integrando la curaci\u00f3n de la energ\u00eda, la autoconciencia y el despertar encarnado durante m\u00e1s de treinta a\u00f1os. Su permanencia de m\u00e1s de 20 a\u00f1os en la pr\u00e1ctica privada y como profesora s\u00e9nior en&#8230;<\/p>\n","protected":false},"author":108,"featured_media":0,"parent":25842,"menu_order":0,"comment_status":"closed","ping_status":"closed","template":"","meta":[],"_links":{"self":[{"href":"https:\/\/brennanhealingscience.org\/es\/wp-json\/wp\/v2\/pages\/25832\/"}],"collection":[{"href":"https:\/\/brennanhealingscience.org\/es\/wp-json\/wp\/v2\/pages\/"}],"about":[{"href":"https:\/\/brennanhealingscience.org\/es\/wp-json\/wp\/v2\/types\/page\/"}],"author":[{"embeddable":true,"href":"https:\/\/brennanhealingscience.org\/es\/wp-json\/wp\/v2\/users\/108\/"}],"replies":[{"embeddable":true,"href":"https:\/\/brennanhealingscience.org\/es\/wp-json\/wp\/v2\/comments\/?post=25832"}],"version-history":[{"count":1,"href":"https:\/\/brennanhealingscience.org\/es\/wp-json\/wp\/v2\/pages\/25832\/revisions\/"}],"predecessor-version":[{"id":25918,"href":"https:\/\/brennanhealingscience.org\/es\/wp-json\/wp\/v2\/pages\/25832\/revisions\/25918\/"}],"up":[{"embeddable":true,"href":"https:\/\/brennanhealingscience.org\/es\/wp-json\/wp\/v2\/pages\/25842\/"}],"wp:attachment":[{"href":"https:\/\/brennanhealingscience.org\/es\/wp-json\/wp\/v2\/media\/?parent=25832"}],"curies":[{"name":"wp","href":"https:\/\/api.w.org\/{rel}","templated":true}]}}