{"id":25834,"date":"2018-01-04T14:52:43","date_gmt":"2018-01-04T14:52:43","guid":{"rendered":"http:\/\/brennanhealingscience.org\/nijole-ladd\/"},"modified":"2018-12-21T20:06:43","modified_gmt":"2018-12-21T20:06:43","slug":"nijole-ladd","status":"publish","type":"page","link":"https:\/\/brennanhealingscience.org\/es\/junta-directiva\/nijole-ladd\/","title":{"rendered":"Nijole Ladd"},"content":{"rendered":"<p><img loading=\"lazy\" src=\"https:\/\/brennanhealingscience.org\/wp-content\/uploads\/2018\/01\/Nijole-Ladd.jpg\" alt=\"\" width=\"250\" height=\"300\" class=\"alignleft size-full wp-image-24930\" \/>Nijole Ladd<br \/>\nPRESIDENT BBSH &#8217;02, ASED &#8217;04, FACULTY &#8217;04-&#8217;05, BIP &#8217;05, CERTIFIED BHS WORKSHOP LEADER<\/p>\n<p>Viajando por todo el mundo integrando y trabajando con nuevas energ\u00edas y los sistemas terrestres dondequiera que est\u00e9. Estudiando varias modalidades de sonido \/ tono y usando la conciencia vibratoria en todo el trabajo.<\/p>\n<p>Pr\u00e1ctica privada por tel\u00e9fono \/ Skype y en persona en Englewood, FL y Par\u00eds.<\/p>\n<p>Supervisi\u00f3n para estudiantes y graduados de BBSH \/ BBSHE.<\/p>\n<p>Abrazando a Byron Katie The Work, Ho Oponopono, EFT, Curaci\u00f3n con sonido a trav\u00e9s de la voz y otras modalidades en mi trabajo integrado con clientes junto con BHS.<\/p>\n<p>Comprometidos a ayudar a reconocer a los practicantes de BHS como una modalidad profesional e integral, aumentar la conciencia de nuestra presencia en el mundo y hacer que est\u00e9 m\u00e1s disponible como parte de un sistema de atenci\u00f3n m\u00e9dica individual.<\/p>\n","protected":false},"excerpt":{"rendered":"<p>Nijole Ladd PRESIDENT BBSH &#8217;02, ASED &#8217;04, FACULTY &#8217;04-&#8217;05, BIP &#8217;05, CERTIFIED BHS WORKSHOP LEADER Viajando por todo el mundo integrando y trabajando con nuevas energ\u00edas y los sistemas terrestres dondequiera que est\u00e9. Estudiando varias modalidades de sonido \/ tono y usando la conciencia vibratoria en todo el trabajo. Pr\u00e1ctica privada por tel\u00e9fono \/ Skype&#8230;<\/p>\n","protected":false},"author":108,"featured_media":0,"parent":25836,"menu_order":0,"comment_status":"closed","ping_status":"closed","template":"","meta":[],"_links":{"self":[{"href":"https:\/\/brennanhealingscience.org\/es\/wp-json\/wp\/v2\/pages\/25834\/"}],"collection":[{"href":"https:\/\/brennanhealingscience.org\/es\/wp-json\/wp\/v2\/pages\/"}],"about":[{"href":"https:\/\/brennanhealingscience.org\/es\/wp-json\/wp\/v2\/types\/page\/"}],"author":[{"embeddable":true,"href":"https:\/\/brennanhealingscience.org\/es\/wp-json\/wp\/v2\/users\/108\/"}],"replies":[{"embeddable":true,"href":"https:\/\/brennanhealingscience.org\/es\/wp-json\/wp\/v2\/comments\/?post=25834"}],"version-history":[{"count":2,"href":"https:\/\/brennanhealingscience.org\/es\/wp-json\/wp\/v2\/pages\/25834\/revisions\/"}],"predecessor-version":[{"id":26245,"href":"https:\/\/brennanhealingscience.org\/es\/wp-json\/wp\/v2\/pages\/25834\/revisions\/26245\/"}],"up":[{"embeddable":true,"href":"https:\/\/brennanhealingscience.org\/es\/wp-json\/wp\/v2\/pages\/25836\/"}],"wp:attachment":[{"href":"https:\/\/brennanhealingscience.org\/es\/wp-json\/wp\/v2\/media\/?parent=25834"}],"curies":[{"name":"wp","href":"https:\/\/api.w.org\/{rel}","templated":true}]}}