{"id":25841,"date":"2017-12-28T21:08:02","date_gmt":"2017-12-28T21:08:02","guid":{"rendered":"http:\/\/brennanhealingscience.org\/benefits-of-a-session\/"},"modified":"2018-09-13T11:57:54","modified_gmt":"2018-09-13T10:57:54","slug":"beneficios-de-una-sesion","status":"publish","type":"page","link":"https:\/\/brennanhealingscience.org\/es\/beneficios-de-una-sesion\/","title":{"rendered":"Beneficios de Una Sesi\u00f3n"},"content":{"rendered":"<div class=\"row \"><div class=\"wpv-grid grid-1-1  wpv-first-level first unextended\" style=\"padding-top:0px;padding-bottom:0px\" id=\"wpv-column-42427a335a06c151c8c1a726cff6c460\" ><div class=\"row \"><div class=\"wpv-grid grid-1-1  first unextended\" style=\"padding-top:0px;padding-bottom:0px\" id=\"wpv-column-48eb6c2a62bffe49b162eca0f392e639\" ><h2>All systems in the body and the energy field are healthier when they are grounded, nourished and balanced.<\/h2>\n<p>BHS Practitioners respect your fundamental personal journey. As healers, we maintain a level of integrity that serves the Highest Good in each session. Our mission is to guide and support you in your sacred journey of transformation.<\/p>\n<p>Brennan Healing Science (BHS) is a dynamic hands-on healing system that works with an individual\u2019s energy consciousness system to create physical, emotional, mental and spiritual health. During a BHS session, blocked energy is released, allowing you to feel more emotions and sensations in the body. You may experience new internal realizations that result in positive change and growth.<\/p>\n<p>After a session, some have a deeper sense of self or a more comprehensive sense of wholeness. Others become aware of previously hidden beliefs and attitudes which, once addressed, result in an improved relationship to the self and others. The BHS Practitioner works with you to facilitate healing in whatever form it takes. During the healing, an interconnection between mind, body, and soul is awakened.<\/p>\n<h2><span class=\"notranslate\">Si bien cada cliente tiene su propia experiencia \u00fanica, a continuaci\u00f3n se detallan algunos de los beneficios que puede experimentar durante el curso o incluso despu\u00e9s de una sesi\u00f3n de BHS.<\/span><\/h2><\/div><\/div><\/div><\/div>\n<div class=\"row \"><div class=\"wpv-grid grid-1-2  wpv-first-level first unextended\" style=\"padding-top:0px;padding-bottom:0px\" id=\"wpv-column-bba53107c09ba2d6d43e8306e789e874\" ><div class=\"row \"><div class=\"wpv-grid grid-1-1  first unextended\" style=\"padding-top:0px;padding-bottom:0px\" id=\"wpv-column-51a7e84b8cd3a34320f4123faa58ae37\" ><ul>\n<li><span class=\"notranslate\">Aumento de la sensaci\u00f3n de bienestar o sentirse m\u00e1s ligero<\/span><\/li>\n<li><span class=\"notranslate\"> Estados profundos de relajaci\u00f3n<\/span><\/li>\n<li><span class=\"notranslate\"> Mayor claridad y enfoque<\/span><\/li>\n<li><span class=\"notranslate\"> Equilibrio de los sistemas del cuerpo que resulta en una sensaci\u00f3n de estar enraizado en el cuerpo f\u00edsico<\/span><\/li>\n<li><span class=\"notranslate\"> Mayor energ\u00eda y vitalidad<\/span><\/li>\n<li><span class=\"notranslate\"> Una sensaci\u00f3n de seguridad para expresar sentimientos y pensamientos<\/span><\/li>\n<li><span class=\"notranslate\"> Despertar consciente y atenci\u00f3n plena<\/span><\/li>\n<li><span class=\"notranslate\"> Sentido renovado de autoaceptaci\u00f3n y apertura al poder personal<\/span><\/li>\n<\/ul><\/div><\/div><\/div>\n<div class=\"wpv-grid grid-1-2  wpv-first-level unextended\" style=\"padding-top:0px;padding-bottom:0px\" id=\"wpv-column-50ed17979d36b5b21001be345f1698fc\" ><div class=\"row \"><div class=\"wpv-grid grid-1-1  first unextended\" style=\"padding-top:0px;padding-bottom:0px\" id=\"wpv-column-746a6a5747fc7f76e3124964ff08ba24\" ><ul>\n<li><span class=\"notranslate\">Menor estr\u00e9s y mayor placer<\/span><\/li>\n<li><span class=\"notranslate\"> Curaci\u00f3n y transformaci\u00f3n de las relaciones<\/span><\/li>\n<li><span class=\"notranslate\"> Curaci\u00f3n de enfermedades cr\u00f3nicas<\/span><\/li>\n<li><span class=\"notranslate\"> Contacto m\u00e1s profundo con el movimiento creativo y la expresi\u00f3n<\/span><\/li>\n<li><span class=\"notranslate\"> Evoluci\u00f3n personal<\/span><\/li>\n<li><span class=\"notranslate\"> Capacidad de sanar m\u00e1s r\u00e1pido<\/span><\/li>\n<li><span class=\"notranslate\"> Recuperaci\u00f3n del trauma<\/span><\/li>\n<li><span class=\"notranslate\"> Sentido del prop\u00f3sito de la vida y alineaci\u00f3n con la tarea de la vida<\/span><\/li>\n<li><span class=\"notranslate\"> Reversi\u00f3n del proceso de enfermedad<\/span><\/li>\n<\/ul><\/div><\/div><\/div><\/div>\n","protected":false},"excerpt":{"rendered":"<p>All systems in the body and the energy field are healthier when they are grounded, nourished and balanced. BHS Practitioners respect your fundamental personal journey. As healers, we maintain a level of integrity that serves the Highest Good in each session. Our mission is to guide and support you in your sacred journey of transformation&#8230;.<\/p>\n","protected":false},"author":108,"featured_media":0,"parent":0,"menu_order":0,"comment_status":"closed","ping_status":"closed","template":"","meta":[],"_links":{"self":[{"href":"https:\/\/brennanhealingscience.org\/es\/wp-json\/wp\/v2\/pages\/25841\/"}],"collection":[{"href":"https:\/\/brennanhealingscience.org\/es\/wp-json\/wp\/v2\/pages\/"}],"about":[{"href":"https:\/\/brennanhealingscience.org\/es\/wp-json\/wp\/v2\/types\/page\/"}],"author":[{"embeddable":true,"href":"https:\/\/brennanhealingscience.org\/es\/wp-json\/wp\/v2\/users\/108\/"}],"replies":[{"embeddable":true,"href":"https:\/\/brennanhealingscience.org\/es\/wp-json\/wp\/v2\/comments\/?post=25841"}],"version-history":[{"count":2,"href":"https:\/\/brennanhealingscience.org\/es\/wp-json\/wp\/v2\/pages\/25841\/revisions\/"}],"predecessor-version":[{"id":25870,"href":"https:\/\/brennanhealingscience.org\/es\/wp-json\/wp\/v2\/pages\/25841\/revisions\/25870\/"}],"wp:attachment":[{"href":"https:\/\/brennanhealingscience.org\/es\/wp-json\/wp\/v2\/media\/?parent=25841"}],"curies":[{"name":"wp","href":"https:\/\/api.w.org\/{rel}","templated":true}]}}