{"id":25857,"date":"2017-12-28T18:44:52","date_gmt":"2017-12-28T18:44:52","guid":{"rendered":"http:\/\/brennanhealingscience.org\/bhs-association\/"},"modified":"2018-09-15T07:36:05","modified_gmt":"2018-09-15T06:36:05","slug":"nuestro-proposito-y-mision","status":"publish","type":"page","link":"https:\/\/brennanhealingscience.org\/es\/nuestro-proposito-y-mision\/","title":{"rendered":"Nuestro Prop\u00f3sito y Misi\u00f3n"},"content":{"rendered":"<div class=\"row \"><div class=\"wpv-grid grid-1-2  wpv-first-level first unextended\" style=\"padding-top:0px;padding-bottom:0px\" id=\"wpv-column-2880665fde363d05548ccc2eb34aaef6\" ><div class=\"row \"><div class=\"wpv-grid grid-1-1  first unextended\" style=\"padding-top:0px;padding-bottom:0px\" id=\"wpv-column-e3f847feff22f793b98aae3c57e918e3\" ><p><img loading=\"lazy\" class=\"aligncenter size-full wp-image-24576\" src=\"https:\/\/new-brennanhealingscience.org\/wp-content\/uploads\/2017\/12\/BHS-UnitedStates.jpg\" alt=\"\" width=\"303\" height=\"390\" srcset=\"https:\/\/brennanhealingscience.org\/wp-content\/uploads\/2017\/12\/BHS-UnitedStates.jpg 303w, https:\/\/brennanhealingscience.org\/wp-content\/uploads\/2017\/12\/BHS-UnitedStates-233x300.jpg 233w, https:\/\/brennanhealingscience.org\/wp-content\/uploads\/2017\/12\/BHS-UnitedStates-262x337.jpg 262w\" sizes=\"(max-width: 303px) 100vw, 303px\" \/><\/div><\/div><\/div>\n<div class=\"wpv-grid grid-1-2  wpv-first-level unextended\" style=\"padding-top:0px;padding-bottom:0px\" id=\"wpv-column-cf026b5050189094bccf4735e31595e8\" ><div class=\"row \"><div class=\"wpv-grid grid-1-1  first unextended\" style=\"padding-top:0px;padding-bottom:0px\" id=\"wpv-column-e45dbd802c246c9a3a487d23987d41cd\" ><h2><span class=\"notranslate\">Sin \u00e1nimo de lucro<\/span><\/h2>\n<p><span class=\"notranslate\"> La Brennan Healing Science Association es una organizaci\u00f3n sin fines de lucro 501 (c) (3) formada en 2010 con el prop\u00f3sito de llevar a Brennan Healing Science (BHS) m\u00e1s plenamente a la comunidad, tanto a nivel local como global.<\/span> <span class=\"notranslate\"> Apoyamos a Barbara Brennan School of Healing, ex alumnos de la escuela y estudiantes matriculados actualmente, as\u00ed como a Brennan Healing Science Associations en todo el mundo.<\/span> <span class=\"notranslate\"> Creemos que todos tienen el poder de transformar.<\/span> <span class=\"notranslate\"> Nuestro objetivo es facilitar la curaci\u00f3n en individuos y en comunidades locales e internacionales.<\/span><\/p>\n<h2><span class=\"notranslate\"> Nuestra misi\u00f3n<\/span><\/h2>\n<p><span class=\"notranslate\"> Nos comprometemos a mantenernos alineados con nuestro prop\u00f3sito y a crear una asociaci\u00f3n donde:<\/span><\/p>\n<ul>\n<li><span class=\"notranslate\"> Promoviendo la Comunidad de los alumnos de la escuela de sanaci\u00f3n Barbara Brennan.<\/span><\/li>\n<li><span class=\"notranslate\"> Apoyar el alcance al p\u00fablico mediante la promoci\u00f3n de la ciencia curativa de Brennan en sus m\u00faltiples formas.<\/span><\/li>\n<li><span class=\"notranslate\"> Grupos de personas con ideas afines pueden reunirse y desarrollar ideas innovadoras sobre la aplicaci\u00f3n de BHS como una modalidad profesional de curaci\u00f3n de energ\u00eda<\/span><\/li>\n<li><span class=\"notranslate\"> La investigaci\u00f3n sobre BHS puede florecer y las becas de investigaci\u00f3n de BHS pueden administrarse<\/span><\/li>\n<\/ul><\/div><\/div><\/div><\/div>\n<div class=\"row \"><div class=\"wpv-grid grid-1-1  wpv-first-level first unextended\" style=\"padding-top:0px;padding-bottom:0px\" id=\"wpv-column-8249943863057bbb4760dbd5c3368024\" ><div class=\"row \"><div class=\"wpv-grid grid-1-1  first unextended\" style=\"padding-top:0px;padding-bottom:0px\" id=\"wpv-column-c80d084752ea63256bb669392c7fd609\" ><div id=\"wpv-column-9683eda8467a4c86ba8a3867830c9bfa\" class=\"wpv-grid grid-1-1 wpv-first-level first unextended\">\n<div class=\"row \">\n<div id=\"wpv-column-880ec0f8a395383a78ae618b0039fd64\" class=\"wpv-grid grid-1-1 first unextended\">\n<h2><span class=\"notranslate\">Nuestra historia<\/span><\/h2>\n<p><span class=\"notranslate\"> La Brennan Healing Science Association comenz\u00f3 en 2010, en colaboraci\u00f3n con BHSPA-NZ, con un peque\u00f1o grupo de graduados interesados \u200b\u200bde BBSH que se comunicaron en l\u00ednea de todo el mundo.<\/span> <span class=\"notranslate\"> Se reconoci\u00f3 la necesidad de educar al p\u00fablico y definir nuestra profesi\u00f3n y aplicaciones de Brennan Healing Science.<\/span><\/p>\n<p><span class=\"notranslate\"> En marzo de 2010, Karen Reid contact\u00f3 a Barbara Brennan y propuso la formaci\u00f3n de Asociaciones de profesionales de BHS en todo el mundo y recibimos su bendici\u00f3n como presidenta de la Escuela de curaci\u00f3n Barbara Brennan.<\/span> <span class=\"notranslate\"> Desde entonces, los graduados de la escuela formaron un Comit\u00e9 Directivo y comenzaron el proceso de crear una corporaci\u00f3n legal que tendr\u00eda un estatus sin fines de lucro.<\/span> <span class=\"notranslate\"> Encuestamos a ex alumnos de las escuelas de BBSH y formamos nuestra misi\u00f3n en torno a los comentarios y nuestros m\u00e1s profundos anhelos por traer la modalidad que es Brennan Healing Science al mundo.<\/span> <span class=\"notranslate\"> El comit\u00e9 fundador don\u00f3 el dinero para pagar todos los documentos legales, abogados y costos de formar una corporaci\u00f3n.<\/span> <span class=\"notranslate\"> Cuando formamos la estructura, las llamadas telef\u00f3nicas con BBSH se hicieron para mantener la comunicaci\u00f3n y solicitar soporte.<\/span> <span class=\"notranslate\"> Presentamos un logotipo de Hands of Light modificado y solicitamos su aprobaci\u00f3n para abril de 2010. No se aprob\u00f3, pero se prometi\u00f3 un nuevo logotipo para los graduados y para la formaci\u00f3n de las Asociaciones BHS.<\/span><\/p>\n<p><span class=\"notranslate\"> Formamos nuestros Estatutos y se form\u00f3 un Consejo de Administraci\u00f3n.<\/span> <span class=\"notranslate\"> A trav\u00e9s de teleconferencias y correos electr\u00f3nicos, una declaraci\u00f3n de misi\u00f3n e intenci\u00f3n alineada para crear un veh\u00edculo para todos los graduados de las Escuelas de Curaci\u00f3n Barbara Brennan que incluy\u00f3 resaltar las habilidades de los practicantes de BHS y los beneficios de la modalidad para el p\u00fablico en general.<\/span> <span class=\"notranslate\"> Como no todos los pa\u00edses tienen su propia asociaci\u00f3n, no somos exclusivos de los Estados Unidos y ahora tenemos asociados de ocho pa\u00edses.<\/span><\/p>\n<p><span class=\"notranslate\"> La Asociaci\u00f3n BHS tambi\u00e9n tiene la intenci\u00f3n de resaltar las habilidades para la vida y otras aplicaciones de Brennan Healing Science, ya que forma un proceso integral de curaci\u00f3n integral y la apertura a la creatividad a trav\u00e9s de todos los aspectos de la vida.<\/span><br \/>\n<span class=\"notranslate\"> Se continu\u00f3 trabajando para establecer una presencia profesional en el sitio web, y se estableci\u00f3 un Directorio de profesionales en diciembre de 2012.<\/span><br \/>\n<span class=\"notranslate\"> Comenzamos un acercamiento sincero para asociados y donaciones a trav\u00e9s de las redes sociales y el correo electr\u00f3nico.<\/span> <span class=\"notranslate\"> Las solicitudes en l\u00ednea para graduados ahora est\u00e1n disponibles para unirse y apoyar a la Asociaci\u00f3n BHS.<\/span> <span class=\"notranslate\"> En 2013, se entreg\u00f3 un nuevo logotipo de Hands of Light, tal como prometi\u00f3 BBSH.<\/span> <span class=\"notranslate\"> Ahora se est\u00e1 trabajando en una colaboraci\u00f3n para tener una relaci\u00f3n cohesiva con BBSH y una reci\u00e9n formada Asociaci\u00f3n Internacional de Antiguos Alumnos.<\/span><\/p>\n<p><span class=\"notranslate\"> La Junta de Direcciones est\u00e1 en el proceso de establecer comit\u00e9s para facilitar proyectos que llevar\u00e1n a buen t\u00e9rmino la misi\u00f3n de la Asociaci\u00f3n BHS.<\/span> <span class=\"notranslate\"> El marketing, las comunicaciones, la recopilaci\u00f3n de materiales de investigaci\u00f3n y recursos, el fomento y la publicidad de eventos de BHS y las Cl\u00ednicas de sanaci\u00f3n, y la mejora continua del sitio web para los profesionales de BHS y el p\u00fablico contin\u00faan siendo parte de la agenda.<\/span><\/p>\n<p><span class=\"notranslate\"> La junta se ha expandido para incluir a Maria Perry en 2013, Randall Segal en 2014 y Anne Bachop en 2015.<\/span><\/p>\n<p><span class=\"notranslate\"> La presidenta de la asociaci\u00f3n Nijole Ladd visit\u00f3 la clase 4 de BBSH en 2014 y 2015 con Karen Reid de Nueva Zelanda para compartir el progreso con el profesorado y los nuevos graduados.<\/span> <span class=\"notranslate\"> El miembro de la Junta Randall Segal tambi\u00e9n se present\u00f3 a la facultad durante la semana de clase 5 en 2015.<\/span><\/p>\n<p><span class=\"notranslate\"> La asociaci\u00f3n celebr\u00f3 su primera reuni\u00f3n anual de asociados y la junta en Filadelfia, donde los participantes se unieron en persona y en l\u00ednea.<\/span> <span class=\"notranslate\"> Laurie Keene asisti\u00f3 en persona, representando a BBSH en su calidad de decana de la escuela.<\/span> <span class=\"notranslate\"> Su aporte, junto con los comentarios de los graduados, nos ayud\u00f3 a formar nuevas metas para el alcance de la comunidad y el compromiso de los ex alumnos.<\/span><br \/>\n<span class=\"notranslate\"> La intenci\u00f3n actual es construir un veh\u00edculo, a trav\u00e9s de la participaci\u00f3n comunitaria de BHS, para apoyar a los graduados y profesionales de BBSH a fin de brindar m\u00e1s presencia al profesionalismo y las herramientas de BHS en beneficio de todo el mundo.<\/span><\/p>\n<\/div>\n<\/div>\n<\/div><\/div><\/div><\/div><\/div>\n","protected":false},"excerpt":{"rendered":"<p>[\/column_1] Sin \u00e1nimo de lucro La Brennan Healing Science Association es una organizaci\u00f3n sin fines de lucro 501 (c) (3) formada en 2010 con el prop\u00f3sito de llevar a Brennan Healing Science (BHS) m\u00e1s plenamente a la comunidad, tanto a nivel local como global. Apoyamos a Barbara Brennan School of Healing, ex alumnos de la&#8230;<\/p>\n","protected":false},"author":108,"featured_media":0,"parent":0,"menu_order":0,"comment_status":"closed","ping_status":"closed","template":"","meta":[],"_links":{"self":[{"href":"https:\/\/brennanhealingscience.org\/es\/wp-json\/wp\/v2\/pages\/25857\/"}],"collection":[{"href":"https:\/\/brennanhealingscience.org\/es\/wp-json\/wp\/v2\/pages\/"}],"about":[{"href":"https:\/\/brennanhealingscience.org\/es\/wp-json\/wp\/v2\/types\/page\/"}],"author":[{"embeddable":true,"href":"https:\/\/brennanhealingscience.org\/es\/wp-json\/wp\/v2\/users\/108\/"}],"replies":[{"embeddable":true,"href":"https:\/\/brennanhealingscience.org\/es\/wp-json\/wp\/v2\/comments\/?post=25857"}],"version-history":[{"count":3,"href":"https:\/\/brennanhealingscience.org\/es\/wp-json\/wp\/v2\/pages\/25857\/revisions\/"}],"predecessor-version":[{"id":25928,"href":"https:\/\/brennanhealingscience.org\/es\/wp-json\/wp\/v2\/pages\/25857\/revisions\/25928\/"}],"wp:attachment":[{"href":"https:\/\/brennanhealingscience.org\/es\/wp-json\/wp\/v2\/media\/?parent=25857"}],"curies":[{"name":"wp","href":"https:\/\/api.w.org\/{rel}","templated":true}]}}