{"id":26240,"date":"2018-12-21T19:58:48","date_gmt":"2018-12-21T19:58:48","guid":{"rendered":"https:\/\/brennanhealingscience.org\/junta-directiva\/anne-beckley\/"},"modified":"2018-12-21T19:58:48","modified_gmt":"2018-12-21T19:58:48","slug":"anne-beckley","status":"publish","type":"page","link":"https:\/\/brennanhealingscience.org\/es\/junta-directiva\/anne-beckley\/","title":{"rendered":"Anne Beckley"},"content":{"rendered":"<p><img loading=\"lazy\" src=\"https:\/\/brennanhealingscience.org\/wp-content\/uploads\/2018\/12\/anne-beckley.jpg\" alt=\"\" width=\"250\" height=\"300\" class=\"alignleft size-full wp-image-26210\" \/>Anne Beckley ha estado trabajando con clientes que buscan curaci\u00f3n, cambio y transformaci\u00f3n positiva durante los \u00faltimos 20 a\u00f1os. Como sanadora, entrenadora y maestra, le gusta ense\u00f1ar a los clientes t\u00e9cnicas de autocuraci\u00f3n para crear una vida plena y significativa. Anne ofrece curaci\u00f3n a larga distancia, se especializa en servicios de curaci\u00f3n pre y posquir\u00fargica y ayuda a los clientes a integrar y comprender sus experiencias espirituales. Adem\u00e1s de una pr\u00e1ctica privada de curaci\u00f3n, ella es l\u00edder de un taller, consultora y oradora invitada en temas de energ\u00eda curativa.<\/p>\n<p>Durante m\u00e1s de 25 a\u00f1os, Anne tambi\u00e9n ha trabajado con organizaciones sin fines de lucro que fortalecen a las comunidades y ayudan a los necesitados. Viviendo en West Virginia, es voluntaria como miembro de la junta directiva de United Way of the Eastern Panhandle y Brennan Healing Science Association, y se desempe\u00f1a como voluntaria local de Master Gardener.<\/p>\n<p>\u00b7 M\u00e1ster en Psicolog\u00eda Transformacional 2017, Universidad de Investigaci\u00f3n Filos\u00f3fica<\/p>\n<p>\u00b7 Barbara Brennan School of Healing 1999, ASED 2003, BIP \/ STP 2003, ex facultad<\/p>\n<p>\u00b7 Baltimore School of Spiritual Science 1999, ministro ordenado 2000, ex facultad<\/p>\n<p>\u00b7 Certificaci\u00f3n de terapia bioenerg\u00e9tica con Mietek Wierkus, 1996<\/p>\n<p>\u00b7 BS Ingenier\u00eda Industrial, Universidad de Lehigh<\/p>\n","protected":false},"excerpt":{"rendered":"<p>Anne Beckley ha estado trabajando con clientes que buscan curaci\u00f3n, cambio y transformaci\u00f3n positiva durante los \u00faltimos 20 a\u00f1os. Como sanadora, entrenadora y maestra, le gusta ense\u00f1ar a los clientes t\u00e9cnicas de autocuraci\u00f3n para crear una vida plena y significativa. Anne ofrece curaci\u00f3n a larga distancia, se especializa en servicios de curaci\u00f3n pre y posquir\u00fargica&#8230;<\/p>\n","protected":false},"author":108,"featured_media":0,"parent":25836,"menu_order":0,"comment_status":"closed","ping_status":"closed","template":"","meta":[],"_links":{"self":[{"href":"https:\/\/brennanhealingscience.org\/es\/wp-json\/wp\/v2\/pages\/26240\/"}],"collection":[{"href":"https:\/\/brennanhealingscience.org\/es\/wp-json\/wp\/v2\/pages\/"}],"about":[{"href":"https:\/\/brennanhealingscience.org\/es\/wp-json\/wp\/v2\/types\/page\/"}],"author":[{"embeddable":true,"href":"https:\/\/brennanhealingscience.org\/es\/wp-json\/wp\/v2\/users\/108\/"}],"replies":[{"embeddable":true,"href":"https:\/\/brennanhealingscience.org\/es\/wp-json\/wp\/v2\/comments\/?post=26240"}],"version-history":[{"count":0,"href":"https:\/\/brennanhealingscience.org\/es\/wp-json\/wp\/v2\/pages\/26240\/revisions\/"}],"up":[{"embeddable":true,"href":"https:\/\/brennanhealingscience.org\/es\/wp-json\/wp\/v2\/pages\/25836\/"}],"wp:attachment":[{"href":"https:\/\/brennanhealingscience.org\/es\/wp-json\/wp\/v2\/media\/?parent=26240"}],"curies":[{"name":"wp","href":"https:\/\/api.w.org\/{rel}","templated":true}]}}