{"id":26243,"date":"2018-12-21T20:02:39","date_gmt":"2018-12-21T20:02:39","guid":{"rendered":"https:\/\/brennanhealingscience.org\/junta-directiva\/guille-fernandez\/"},"modified":"2018-12-21T20:02:39","modified_gmt":"2018-12-21T20:02:39","slug":"guille-fernandez","status":"publish","type":"page","link":"https:\/\/brennanhealingscience.org\/es\/junta-directiva\/guille-fernandez\/","title":{"rendered":"Guille Fernandez"},"content":{"rendered":"<p><img loading=\"lazy\" src=\"https:\/\/brennanhealingscience.org\/wp-content\/uploads\/2018\/01\/GuilleFernandez.jpg\" alt=\"\" width=\"250\" height=\"300\" class=\"alignleft size-full wp-image-24922\" \/>Guille Fernandez<br \/>\nDIRECTOR, BBSH &#8217;12 CENTRAL\/SOUTH AMERICA LIASON<\/p>\n<p>Nacida y criada en la Ciudad de M\u00e9xico, su inter\u00e9s por las artes y la comunicaci\u00f3n gr\u00e1fica la llev\u00f3 a obtener un t\u00edtulo en Dise\u00f1o Gr\u00e1fico. Siempre le sorprendi\u00f3 saber m\u00e1s sobre las estrellas, la energ\u00eda y las t\u00e9cnicas alternativas de curaci\u00f3n. Preocupaciones que la llevaron a estudiar diferentes disciplinas como Astrolog\u00eda, Acupuntura, Flores de Bach y Feng Shui.<\/p>\n<p>En 2008 se inscribi\u00f3 en BBSH y despu\u00e9s de 4 a\u00f1os de intenso trabajo personal y varias t\u00e9cnicas de curaci\u00f3n aprendidas, se gradu\u00f3 del programa y obtuvo el t\u00edtulo de \u00abBrennan Healing Science Practitioner\u00bb. En 2017 fue certificada como Coach de relaciones por el Centro para la Reinvenci\u00f3n Personal.<\/p>\n<p>Estos \u00faltimos a\u00f1os han supuesto una profunda transformaci\u00f3n personal que la ha inspirado a crear una vida m\u00e1s consciente y plena, donde hay desaf\u00edos y recompensas, dolor y placer, pero sobre todo una inmensa pasi\u00f3n por vivir esta aventura que nos llega d\u00eda a d\u00eda. .<\/p>\n<p>Ella tiene una pr\u00e1ctica de curaci\u00f3n activa en Playa del Carmen, M\u00e9xico.<\/p>\n","protected":false},"excerpt":{"rendered":"<p>Guille Fernandez DIRECTOR, BBSH &#8217;12 CENTRAL\/SOUTH AMERICA LIASON Nacida y criada en la Ciudad de M\u00e9xico, su inter\u00e9s por las artes y la comunicaci\u00f3n gr\u00e1fica la llev\u00f3 a obtener un t\u00edtulo en Dise\u00f1o Gr\u00e1fico. Siempre le sorprendi\u00f3 saber m\u00e1s sobre las estrellas, la energ\u00eda y las t\u00e9cnicas alternativas de curaci\u00f3n. Preocupaciones que la llevaron a&#8230;<\/p>\n","protected":false},"author":108,"featured_media":0,"parent":25836,"menu_order":0,"comment_status":"closed","ping_status":"closed","template":"","meta":[],"_links":{"self":[{"href":"https:\/\/brennanhealingscience.org\/es\/wp-json\/wp\/v2\/pages\/26243\/"}],"collection":[{"href":"https:\/\/brennanhealingscience.org\/es\/wp-json\/wp\/v2\/pages\/"}],"about":[{"href":"https:\/\/brennanhealingscience.org\/es\/wp-json\/wp\/v2\/types\/page\/"}],"author":[{"embeddable":true,"href":"https:\/\/brennanhealingscience.org\/es\/wp-json\/wp\/v2\/users\/108\/"}],"replies":[{"embeddable":true,"href":"https:\/\/brennanhealingscience.org\/es\/wp-json\/wp\/v2\/comments\/?post=26243"}],"version-history":[{"count":0,"href":"https:\/\/brennanhealingscience.org\/es\/wp-json\/wp\/v2\/pages\/26243\/revisions\/"}],"up":[{"embeddable":true,"href":"https:\/\/brennanhealingscience.org\/es\/wp-json\/wp\/v2\/pages\/25836\/"}],"wp:attachment":[{"href":"https:\/\/brennanhealingscience.org\/es\/wp-json\/wp\/v2\/media\/?parent=26243"}],"curies":[{"name":"wp","href":"https:\/\/api.w.org\/{rel}","templated":true}]}}