{"id":26252,"date":"2018-12-21T20:12:17","date_gmt":"2018-12-21T20:12:17","guid":{"rendered":"https:\/\/brennanhealingscience.org\/junta-directiva\/vincent-derosa\/"},"modified":"2018-12-21T20:12:17","modified_gmt":"2018-12-21T20:12:17","slug":"vincent-derosa","status":"publish","type":"page","link":"https:\/\/brennanhealingscience.org\/es\/junta-directiva\/vincent-derosa\/","title":{"rendered":"Vincent DeRosa"},"content":{"rendered":"<p><img loading=\"lazy\" src=\"https:\/\/brennanhealingscience.org\/wp-content\/uploads\/2018\/01\/Vincent-DeRosa-1.jpg\" alt=\"\" width=\"250\" height=\"300\" class=\"alignleft size-full wp-image-24918\" \/>Vincent DeRosa<br \/>\nFOUNDING DIRECTOR, BBSH \u201998-\u201801<\/p>\n<p>La pasi\u00f3n de Vincent por la curaci\u00f3n y el deseo exigente de estar en servicio lo llevaron a la Escuela de Curaci\u00f3n Barbara Brennan. Aunque ha estudiado muchas modalidades, solo se identifica como un Intuitivo Emocional &#8211; Curandero. Tiene una pr\u00e1ctica de curaci\u00f3n a tiempo parcial en NYC y LI y hace sesiones telef\u00f3nicas. Tiene experiencia en la construcci\u00f3n y hab\u00eda trabajado por cuenta propia durante muchos a\u00f1os en carpinter\u00eda y como operador de maquinaria pesada. \u00c9l tiene un inter\u00e9s en la escritura y crea la escultura. Actualmente est\u00e1 buscando con otros tierras para generar un espacio vital como refugio para quienes lo necesitan.<\/p>\n","protected":false},"excerpt":{"rendered":"<p>Vincent DeRosa FOUNDING DIRECTOR, BBSH \u201998-\u201801 La pasi\u00f3n de Vincent por la curaci\u00f3n y el deseo exigente de estar en servicio lo llevaron a la Escuela de Curaci\u00f3n Barbara Brennan. Aunque ha estudiado muchas modalidades, solo se identifica como un Intuitivo Emocional &#8211; Curandero. Tiene una pr\u00e1ctica de curaci\u00f3n a tiempo parcial en NYC y&#8230;<\/p>\n","protected":false},"author":108,"featured_media":0,"parent":25836,"menu_order":0,"comment_status":"closed","ping_status":"closed","template":"","meta":[],"_links":{"self":[{"href":"https:\/\/brennanhealingscience.org\/es\/wp-json\/wp\/v2\/pages\/26252\/"}],"collection":[{"href":"https:\/\/brennanhealingscience.org\/es\/wp-json\/wp\/v2\/pages\/"}],"about":[{"href":"https:\/\/brennanhealingscience.org\/es\/wp-json\/wp\/v2\/types\/page\/"}],"author":[{"embeddable":true,"href":"https:\/\/brennanhealingscience.org\/es\/wp-json\/wp\/v2\/users\/108\/"}],"replies":[{"embeddable":true,"href":"https:\/\/brennanhealingscience.org\/es\/wp-json\/wp\/v2\/comments\/?post=26252"}],"version-history":[{"count":0,"href":"https:\/\/brennanhealingscience.org\/es\/wp-json\/wp\/v2\/pages\/26252\/revisions\/"}],"up":[{"embeddable":true,"href":"https:\/\/brennanhealingscience.org\/es\/wp-json\/wp\/v2\/pages\/25836\/"}],"wp:attachment":[{"href":"https:\/\/brennanhealingscience.org\/es\/wp-json\/wp\/v2\/media\/?parent=26252"}],"curies":[{"name":"wp","href":"https:\/\/api.w.org\/{rel}","templated":true}]}}