{"id":26466,"date":"2019-03-26T19:32:41","date_gmt":"2019-03-26T23:32:41","guid":{"rendered":"https:\/\/brennanhealingscience.org\/?page_id=26466"},"modified":"2019-03-26T19:34:09","modified_gmt":"2019-03-26T23:34:09","slug":"carol-hibbert","status":"publish","type":"page","link":"https:\/\/brennanhealingscience.org\/es\/junta-directiva\/carol-hibbert\/","title":{"rendered":"Carol Hibbert"},"content":{"rendered":"<p><img loading=\"lazy\" src=\"https:\/\/brennanhealingscience.org\/wp-content\/uploads\/2019\/03\/Carol-Hibbert.jpg\" alt=\"\" width=\"276\" height=\"310\" class=\"alignleft size-full wp-image-26470\" srcset=\"https:\/\/brennanhealingscience.org\/wp-content\/uploads\/2019\/03\/Carol-Hibbert.jpg 276w, https:\/\/brennanhealingscience.org\/wp-content\/uploads\/2019\/03\/Carol-Hibbert-267x300.jpg 267w, https:\/\/brennanhealingscience.org\/wp-content\/uploads\/2019\/03\/Carol-Hibbert-262x294.jpg 262w\" sizes=\"(max-width: 276px) 100vw, 276px\" \/>Carol Hibbert<br \/>\nDIRECTOR, BBSH 2008<\/p>\n<p>La canadiense Carol Hibbert creci\u00f3 en Chicago y divide su tiempo entre Nuevo M\u00e9xico y Connecticut. Sab\u00eda que a la edad de 10 a\u00f1os hab\u00eda m\u00e1s acontecimientos a su alrededor que se expand\u00edan m\u00e1s all\u00e1 de sus cinco sentidos. M\u00e1s tarde, aplic\u00f3 este conocimiento al cuidado de hospicio y la curaci\u00f3n energ\u00e9tica. Carol se gradu\u00f3 en la Escuela de Curaci\u00f3n Barbara Brennan (2008) y en el Instituto de Nutrici\u00f3n Integrativa (2011). Tuvo el privilegio de trabajar con un equipo de curanderos energ\u00e9ticos en el Children&#8217;s Memorial Hospital en Chicago, as\u00ed como en Wellspring, un centro de atenci\u00f3n de apoyo en Toronto, que brinda atenci\u00f3n a ni\u00f1os y adultos con c\u00e1ncer. Es una ex escritora voluntaria del personal de Reality Sandwich, una revista en l\u00ednea dedicada al avance de la cultura de la conciencia, con sede en Nueva York. Desde su jubilaci\u00f3n, a ella y a su esposo Bob les encanta vivir cerca de sus hijos y nietos.<\/p>\n<p>Educaci\u00f3n: Bachelor of Arts, Cleveland State University<\/p>\n","protected":false},"excerpt":{"rendered":"<p>Carol Hibbert DIRECTOR, BBSH 2008 La canadiense Carol Hibbert creci\u00f3 en Chicago y divide su tiempo entre Nuevo M\u00e9xico y Connecticut. Sab\u00eda que a la edad de 10 a\u00f1os hab\u00eda m\u00e1s acontecimientos a su alrededor que se expand\u00edan m\u00e1s all\u00e1 de sus cinco sentidos. M\u00e1s tarde, aplic\u00f3 este conocimiento al cuidado de hospicio y la&#8230;<\/p>\n","protected":false},"author":106,"featured_media":0,"parent":25836,"menu_order":0,"comment_status":"closed","ping_status":"closed","template":"","meta":[],"_links":{"self":[{"href":"https:\/\/brennanhealingscience.org\/es\/wp-json\/wp\/v2\/pages\/26466\/"}],"collection":[{"href":"https:\/\/brennanhealingscience.org\/es\/wp-json\/wp\/v2\/pages\/"}],"about":[{"href":"https:\/\/brennanhealingscience.org\/es\/wp-json\/wp\/v2\/types\/page\/"}],"author":[{"embeddable":true,"href":"https:\/\/brennanhealingscience.org\/es\/wp-json\/wp\/v2\/users\/106\/"}],"replies":[{"embeddable":true,"href":"https:\/\/brennanhealingscience.org\/es\/wp-json\/wp\/v2\/comments\/?post=26466"}],"version-history":[{"count":2,"href":"https:\/\/brennanhealingscience.org\/es\/wp-json\/wp\/v2\/pages\/26466\/revisions\/"}],"predecessor-version":[{"id":26530,"href":"https:\/\/brennanhealingscience.org\/es\/wp-json\/wp\/v2\/pages\/26466\/revisions\/26530\/"}],"up":[{"embeddable":true,"href":"https:\/\/brennanhealingscience.org\/es\/wp-json\/wp\/v2\/pages\/25836\/"}],"wp:attachment":[{"href":"https:\/\/brennanhealingscience.org\/es\/wp-json\/wp\/v2\/media\/?parent=26466"}],"curies":[{"name":"wp","href":"https:\/\/api.w.org\/{rel}","templated":true}]}}